{"id":1429,"date":"2023-03-28T09:59:21","date_gmt":"2023-03-28T07:59:21","guid":{"rendered":"https:\/\/camping-lac-de-vinca.com\/startseite\/"},"modified":"2023-03-29T11:24:46","modified_gmt":"2023-03-29T09:24:46","slug":"startseite","status":"publish","type":"page","link":"https:\/\/camping-lac-de-vinca.com\/de\/","title":{"rendered":"Startseite"},"content":{"rendered":"\n<div class=\"wp-block-cover alignfull is-light deco--vague-bas\"><span aria-hidden=\"true\" class=\"has-background-dim-0 wp-block-cover__gradient-background has-background-dim\"><\/span><img width=\"1920\" height=\"1280\" class=\"wp-block-cover__image-background wp-image-1139\" alt=\"\" src=\"https:\/\/camping-lac-de-vinca.com\/wp-content\/uploads\/2023\/03\/IMG_0091.jpg\" style=\"object-position:50% 70%\" data-object-fit=\"cover\" data-object-position=\"50% 70%\" srcset=\"https:\/\/camping-lac-de-vinca.com\/wp-content\/uploads\/2023\/03\/IMG_0091.jpg 1920w, https:\/\/camping-lac-de-vinca.com\/wp-content\/uploads\/2023\/03\/IMG_0091-300x200.jpg 300w, https:\/\/camping-lac-de-vinca.com\/wp-content\/uploads\/2023\/03\/IMG_0091-1024x683.jpg 1024w, https:\/\/camping-lac-de-vinca.com\/wp-content\/uploads\/2023\/03\/IMG_0091-768x512.jpg 768w, https:\/\/camping-lac-de-vinca.com\/wp-content\/uploads\/2023\/03\/IMG_0091-1536x1024.jpg 1536w\" sizes=\"(max-width: 1920px) 100vw, 1920px\" \/><div class=\"wp-block-cover__inner-container\"><div class=\"barre_resa\"><div><label for=\"barre-datepicker\">Daten Ihres Aufenthalts<\/label><i class=\"far fa-calendar-alt\"><\/i><input type=\"text\" id=\"barre-datepicker\" placeholder=\"W\u00e4hlen Sie Ihre Daten aus\" data-input><\/div><div><button class=\"typesejour\">Art der Unterkunft<\/button><span class=\"placeholder\">Alle Unterk\u00fcnfte<\/span><i class=\"far fa-chevron-down\"><\/i><div class=\"filtre typesejour\"><div><input value=\"hebergements\" type=\"radio\" name=\"barre-typesejour\" id=\"type-hebergement\"><label for=\"type-hebergement\">Unterk\u00fcnfte<\/label><\/div><div><input value=\"emplacement\" type=\"radio\" name=\"barre-typesejour\" id=\"type-emplacement\"><label for=\"type-emplacement\">Standort<\/label><\/div><\/div><\/div><div><button class=\"nombrepersonnes\">F\u00e4higkeiten<\/button><span class=\"placeholder\">Alle F\u00e4higkeiten<\/span><i class=\"far fa-chevron-down\"><\/i><div class=\"filtre nombrepersonnes\"><div><input value=\"1\" type=\"radio\" name=\"barre-nombrepersonnes\" id=\"personnes-1\"><label for=\"personnes-1\">1 Und mehr<\/label><\/div><div><input value=\"2\" type=\"radio\" name=\"barre-nombrepersonnes\" id=\"personnes-2\"><label for=\"personnes-2\">2 Und mehr<\/label><\/div><div><input value=\"3\" type=\"radio\" name=\"barre-nombrepersonnes\" id=\"personnes-3\"><label for=\"personnes-3\">3 Und mehr<\/label><\/div><div><input value=\"4\" type=\"radio\" name=\"barre-nombrepersonnes\" id=\"personnes-4\"><label for=\"personnes-4\">4 Und mehr<\/label><\/div><div><input value=\"5\" type=\"radio\" name=\"barre-nombrepersonnes\" id=\"personnes-5\"><label for=\"personnes-5\">5 Und mehr<\/label><\/div><div><input value=\"6\" type=\"radio\" name=\"barre-nombrepersonnes\" id=\"personnes-6\"><label for=\"personnes-6\">6 Und mehr<\/label><\/div><\/div><\/div><button class=\"btn_resa\"><i class=\"far fa-search\"><\/i>Suche<\/button><\/div>\n<\/div><\/div>\n\n\n\n<div class=\"wp-block-columns LV-05\">\n<div class=\"wp-block-column deco--montagne-1\">\n<p class=\"h2\"><strong>Camping urlaub&#8230;<\/strong><\/p>\n\n\n\n<p>Gut beschattet und direkt am Wasser gelegen, bietet er Ihnen einen erholsamen oder sportlichen Urlaub mit der Familie oder mit Freunden.<\/p>\n\n\n\n<p>Im Herzen der \u00f6stlichen Pyren\u00e4en und des katalanischen Landes, zwischen Meer und Bergen, wird die Stadt Vin\u00e7a Sie mit ihrem milden Klima, ihrer Sonnenscheindauer und der Vielfalt ihrer Landschaften mit Obstg\u00e4rten, Weinbergen und Garrigues verf\u00fchren.<\/p>\n\n\n\n<div class=\"wp-container-69d0b20a106b2 wp-block-buttons\">\n<div class=\"wp-block-button btn_resa\"><a class=\"wp-block-button__link\"><i class=\"fal fa-search\"><\/i> Buchen<\/a><\/div>\n<\/div>\n<\/div>\n\n\n\n<div class=\"wp-block-column\">\n<figure class=\"wp-block-gallery has-nested-images columns-default is-cropped diaporama-mob\">\n<figure class=\"wp-block-image size-large\"><img width=\"1024\" height=\"683\" src=\"https:\/\/camping-lac-de-vinca.com\/wp-content\/uploads\/2023\/03\/IMG_0037-1024x683.jpg\" alt=\"\" class=\"wp-image-1143\" srcset=\"https:\/\/camping-lac-de-vinca.com\/wp-content\/uploads\/2023\/03\/IMG_0037-1024x683.jpg 1024w, https:\/\/camping-lac-de-vinca.com\/wp-content\/uploads\/2023\/03\/IMG_0037-300x200.jpg 300w, https:\/\/camping-lac-de-vinca.com\/wp-content\/uploads\/2023\/03\/IMG_0037-768x512.jpg 768w, https:\/\/camping-lac-de-vinca.com\/wp-content\/uploads\/2023\/03\/IMG_0037-1536x1024.jpg 1536w, https:\/\/camping-lac-de-vinca.com\/wp-content\/uploads\/2023\/03\/IMG_0037.jpg 1920w\" sizes=\"(max-width: 1024px) 100vw, 1024px\" \/><\/figure>\n\n\n\n<figure class=\"wp-block-image size-large\"><img width=\"1024\" height=\"683\" src=\"https:\/\/camping-lac-de-vinca.com\/wp-content\/uploads\/2023\/03\/IMG_0118-1024x683.jpg\" alt=\"\" class=\"wp-image-1147\" srcset=\"https:\/\/camping-lac-de-vinca.com\/wp-content\/uploads\/2023\/03\/IMG_0118-1024x683.jpg 1024w, https:\/\/camping-lac-de-vinca.com\/wp-content\/uploads\/2023\/03\/IMG_0118-300x200.jpg 300w, https:\/\/camping-lac-de-vinca.com\/wp-content\/uploads\/2023\/03\/IMG_0118-768x512.jpg 768w, https:\/\/camping-lac-de-vinca.com\/wp-content\/uploads\/2023\/03\/IMG_0118-1536x1024.jpg 1536w, https:\/\/camping-lac-de-vinca.com\/wp-content\/uploads\/2023\/03\/IMG_0118.jpg 1920w\" sizes=\"(max-width: 1024px) 100vw, 1024px\" \/><\/figure>\n\n\n\n<figure class=\"wp-block-image size-large\"><img width=\"1024\" height=\"683\" src=\"https:\/\/camping-lac-de-vinca.com\/wp-content\/uploads\/2023\/03\/IMG_0112-1024x683.jpg\" alt=\"\" class=\"wp-image-1151\" srcset=\"https:\/\/camping-lac-de-vinca.com\/wp-content\/uploads\/2023\/03\/IMG_0112-1024x683.jpg 1024w, https:\/\/camping-lac-de-vinca.com\/wp-content\/uploads\/2023\/03\/IMG_0112-300x200.jpg 300w, https:\/\/camping-lac-de-vinca.com\/wp-content\/uploads\/2023\/03\/IMG_0112-768x512.jpg 768w, https:\/\/camping-lac-de-vinca.com\/wp-content\/uploads\/2023\/03\/IMG_0112-1536x1024.jpg 1536w, https:\/\/camping-lac-de-vinca.com\/wp-content\/uploads\/2023\/03\/IMG_0112.jpg 1920w\" sizes=\"(max-width: 1024px) 100vw, 1024px\" \/><\/figure>\n<\/figure>\n<\/div>\n<\/div>\n\n\n\n<div class=\"wp-block-columns alignfull LV-10 reverse-mob\">\n<div class=\"wp-block-column\">\n<figure class=\"wp-block-gallery has-nested-images columns-default is-cropped\">\n<figure class=\"wp-block-image size-large\"><img width=\"1024\" height=\"683\" src=\"https:\/\/camping-lac-de-vinca.com\/wp-content\/uploads\/2023\/03\/IMG_0043-1024x683.jpg\" alt=\"\" class=\"wp-image-1155\" srcset=\"https:\/\/camping-lac-de-vinca.com\/wp-content\/uploads\/2023\/03\/IMG_0043-1024x683.jpg 1024w, https:\/\/camping-lac-de-vinca.com\/wp-content\/uploads\/2023\/03\/IMG_0043-300x200.jpg 300w, https:\/\/camping-lac-de-vinca.com\/wp-content\/uploads\/2023\/03\/IMG_0043-768x512.jpg 768w, https:\/\/camping-lac-de-vinca.com\/wp-content\/uploads\/2023\/03\/IMG_0043-1536x1024.jpg 1536w, https:\/\/camping-lac-de-vinca.com\/wp-content\/uploads\/2023\/03\/IMG_0043.jpg 1920w\" sizes=\"(max-width: 1024px) 100vw, 1024px\" \/><\/figure>\n\n\n\n<figure class=\"wp-block-image size-large\"><img width=\"1024\" height=\"683\" src=\"https:\/\/camping-lac-de-vinca.com\/wp-content\/uploads\/2023\/03\/IMG_0088-1024x683.jpg\" alt=\"\" class=\"wp-image-1159\" srcset=\"https:\/\/camping-lac-de-vinca.com\/wp-content\/uploads\/2023\/03\/IMG_0088-1024x683.jpg 1024w, https:\/\/camping-lac-de-vinca.com\/wp-content\/uploads\/2023\/03\/IMG_0088-300x200.jpg 300w, https:\/\/camping-lac-de-vinca.com\/wp-content\/uploads\/2023\/03\/IMG_0088-768x512.jpg 768w, https:\/\/camping-lac-de-vinca.com\/wp-content\/uploads\/2023\/03\/IMG_0088-1536x1024.jpg 1536w, https:\/\/camping-lac-de-vinca.com\/wp-content\/uploads\/2023\/03\/IMG_0088.jpg 1920w\" sizes=\"(max-width: 1024px) 100vw, 1024px\" \/><\/figure>\n<\/figure>\n\n\n\n<div class=\"wp-container-69d0b20a10b94 wp-block-buttons\">\n<div class=\"wp-block-button is-style-outline\"><a class=\"wp-block-button__link\" href=\"https:\/\/camping-lac-de-vinca.com\/de\/der-see\/\">Entdecken Sie<\/a><\/div>\n<\/div>\n<\/div>\n\n\n\n<div class=\"wp-block-column deco--montagne-3\">\n<h1 id=\"lac-de-vinca\">See von Vin\u00e7a<\/h1>\n\n\n\n<ul class=\"pictos col-1\"><li><i class=\"fa-thin fa-person-swimming\"><\/i>  Baden<\/li><li><i class=\"fa-thin fa-backpack\"><\/i>  Wanderungen<\/li><li><i class=\"fa-thin fa-person-sledding\"><\/i>  Aquagliss<\/li><li><i class=\"fa-thin fa-person-biking-mountain\"><\/i>  Fahrradtouren <a href=\"https:\/\/camping-lac-de-vinca.com\/wp-content\/uploads\/2023\/03\/Carte-velos-2023.pdf\">(siehe Karte<\/a>)<\/li><li><i class=\"fa-thin fa-mountains\"><\/i>  Canyoning<\/li><li><i class=\"fa-thin fa-water\"><\/i>  Aktivit\u00e4ten auf dem See<\/li><\/ul>\n<\/div>\n<\/div>\n\n\n\n<div class=\"wp-block-cover alignfull is-light LV-15 deco--vague-haut deco--montagne-2\"><span aria-hidden=\"true\" class=\"has-background-dim-20 wp-block-cover__gradient-background has-background-dim\"><\/span><img width=\"1920\" height=\"1280\" class=\"wp-block-cover__image-background wp-image-1256\" alt=\"\" src=\"https:\/\/camping-lac-de-vinca.com\/wp-content\/uploads\/2023\/03\/IMG_0112-1.jpg\" style=\"object-position:50% 90%\" data-object-fit=\"cover\" data-object-position=\"50% 90%\" srcset=\"https:\/\/camping-lac-de-vinca.com\/wp-content\/uploads\/2023\/03\/IMG_0112-1.jpg 1920w, https:\/\/camping-lac-de-vinca.com\/wp-content\/uploads\/2023\/03\/IMG_0112-1-300x200.jpg 300w, https:\/\/camping-lac-de-vinca.com\/wp-content\/uploads\/2023\/03\/IMG_0112-1-1024x683.jpg 1024w, https:\/\/camping-lac-de-vinca.com\/wp-content\/uploads\/2023\/03\/IMG_0112-1-768x512.jpg 768w, https:\/\/camping-lac-de-vinca.com\/wp-content\/uploads\/2023\/03\/IMG_0112-1-1536x1024.jpg 1536w\" sizes=\"(max-width: 1920px) 100vw, 1920px\" \/><div class=\"wp-block-cover__inner-container\">\n<div class=\"wp-block-columns are-vertically-aligned-bottom\">\n<div class=\"wp-block-column is-vertically-aligned-bottom\">\n<h2 class=\"h3\" id=\"trouvez-votre-location\">Finden Sie Ihr Mietobjekt&#8230;<\/h2>\n\n\n\n<div class=\"wp-container-69d0b20a10f99 wp-block-buttons\">\n<div class=\"wp-block-button btn_resa\"><a class=\"wp-block-button__link\"><i class=\"fal fa-search\"><\/i> Buchen<\/a><\/div>\n<\/div>\n<\/div>\n\n\n\n<div class=\"wp-block-column is-vertically-aligned-bottom\">\n<figure class=\"wp-block-gallery has-nested-images columns-default is-cropped\">\n<figure class=\"wp-block-image size-large\"><a href=\"https:\/\/camping-lac-de-vinca.com\/de\/mobilheime\/\"><img src=\"https:\/\/camping-lac-de-vinca.com\/wp-content\/uploads\/2023\/03\/IMG_0049-1-683x1024.jpg\" alt=\"\" class=\"wp-image-1287\"\/><\/a><figcaption>Aufenthalt in <strong>Mobilheimen<\/strong><\/figcaption><\/figure>\n\n\n\n<figure class=\"wp-block-image size-large\"><a href=\"https:\/\/camping-lac-de-vinca.com\/de\/mobilheime\/\"><img width=\"683\" height=\"1024\" src=\"https:\/\/camping-lac-de-vinca.com\/wp-content\/uploads\/2023\/03\/IMG_0050-1-683x1024.jpg\" alt=\"\" class=\"wp-image-1274\" srcset=\"https:\/\/camping-lac-de-vinca.com\/wp-content\/uploads\/2023\/03\/IMG_0050-1-683x1024.jpg 683w, https:\/\/camping-lac-de-vinca.com\/wp-content\/uploads\/2023\/03\/IMG_0050-1-200x300.jpg 200w, https:\/\/camping-lac-de-vinca.com\/wp-content\/uploads\/2023\/03\/IMG_0050-1.jpg 720w\" sizes=\"(max-width: 683px) 100vw, 683px\" \/><\/a><figcaption><strong>Ungew\u00f6hnliche<\/strong> Unterk\u00fcnfte<\/figcaption><\/figure>\n\n\n\n<figure class=\"wp-block-image size-large\"><a href=\"https:\/\/camping-lac-de-vinca.com\/de\/standorte\/\"><img width=\"683\" height=\"1024\" src=\"https:\/\/camping-lac-de-vinca.com\/wp-content\/uploads\/2023\/03\/IMG_0046-1-683x1024.jpg\" alt=\"\" class=\"wp-image-1283\" srcset=\"https:\/\/camping-lac-de-vinca.com\/wp-content\/uploads\/2023\/03\/IMG_0046-1-683x1024.jpg 683w, https:\/\/camping-lac-de-vinca.com\/wp-content\/uploads\/2023\/03\/IMG_0046-1-200x300.jpg 200w, https:\/\/camping-lac-de-vinca.com\/wp-content\/uploads\/2023\/03\/IMG_0046-1.jpg 720w\" sizes=\"(max-width: 683px) 100vw, 683px\" \/><\/a><figcaption>Standorte <strong>mit B\u00e4umen<\/strong><\/figcaption><\/figure>\n<\/figure>\n<\/div>\n<\/div>\n<\/div><\/div>\n\n\n\n<div class=\"wp-container-69d0b20a11641 wp-block-group LV-20 deco--montagne-4\"><div class=\"wp-block-group__inner-container\">\n<h3 id=\"aux-portes-des-cures-thermales-de-molitg-les-bains-et-vernet-les-bains\">Vor den Toren der Thermalkuren von Molitg-les-Bains und Vernet-les-Bains<\/h3>\n\n\n\n<ul class=\"pictos\"><li><i class=\"fa-thin fa-trees\"><\/i>  Nat\u00fcrliche Orte<\/li><li><i class=\"fa-thin fa-spa\"><\/i>  B\u00e4der &amp; Wellness<\/li><li><i class=\"fa-thin fa-water-ladder\"><\/i>  Schwimmb\u00e4der &amp; Thermen<\/li><\/ul>\n\n\n\n<div class=\"wp-container-69d0b20a113a4 wp-block-buttons\">\n<div class=\"wp-block-button is-style-outline\"><a class=\"wp-block-button__link\" href=\"https:\/\/camping-lac-de-vinca.com\/de\/kurist\/\">Entdecken Sie<\/a><\/div>\n<\/div>\n<\/div><\/div>\n\n\n\n<div class=\"wp-block-columns alignfull LV-25 deco--montagne-2\">\n<div class=\"wp-block-column\">\n<h2 id=\"decouvrez-la-region\">Entdecken Sie <strong>die Region&#8230;<\/strong><\/h2>\n\n\n\n<div class=\"wp-block-columns\">\n<div class=\"wp-block-column\">\n<p>Vin\u00e7a ist eine Stadt des Wassers, eine befestigte Stadt mittelalterlichen Ursprungs, Mitglied des Pays d&#8217;art et d&#8217;histoire &#8222;Vall\u00e9e de la T\u00eat&#8220; und hat es verstanden, sein Kulturerbe zu bewahren. Das prominenteste Juwel ist die Kirche Saint Julien et Sainte Baselisse, eine Hochburg der Barockkunst.<\/p>\n<\/div>\n\n\n\n<div class=\"wp-block-column\">\n<div class=\"wp-block-group lire-plus-mobile\"><div class=\"wp-block-group__inner-container\">\n<p>Lesen Sie mehr<\/p>\n\n\n\n<div class=\"wp-container-69d0b20a11acd wp-block-group\"><div class=\"wp-block-group__inner-container\">\n<p>Vin\u00e7a, das &#8222;Tor zum Canig\u00f3&#8220;, ist der ideale Ausgangspunkt f\u00fcr Wanderungen zum heiligen Berg der Katalanen sowie f\u00fcr Ausfl\u00fcge zu den wichtigsten Kultur- und Naturst\u00e4tten der Region.<\/p>\n<\/div><\/div>\n<\/div><\/div>\n<\/div>\n<\/div>\n\n\n\n<div class=\"wp-container-69d0b20a11de6 wp-block-buttons\">\n<div class=\"wp-block-button is-style-outline\"><a class=\"wp-block-button__link\" href=\"https:\/\/camping-lac-de-vinca.com\/de\/umgebung\/\">Umgebung ansehen<\/a><\/div>\n<\/div>\n\n\n\n<ul class=\"pictos\"><li><i class=\"fa-thin fa-mountains\"><\/i>  Im Herzen der Pyren\u00e4en<\/li><li><i class=\"fa-thin fa-water\"><\/i>  See von Vin\u00e7a<\/li><li><i class=\"fa-thin fa-castle\"><\/i>  Mittelalterliche St\u00e4dte<\/li><li><i class=\"fa-thin fa-grapes\"><\/i>  Obstg\u00e4rten &amp; Weinberge<\/li><\/ul>\n<\/div>\n\n\n\n<div class=\"wp-block-column\">\n<figure class=\"wp-block-gallery has-nested-images columns-default is-cropped diaporama-mob\">\n<figure class=\"wp-block-image size-full\"><img width=\"688\" height=\"752\" src=\"https:\/\/camping-lac-de-vinca.com\/wp-content\/uploads\/2023\/02\/pexels-naimor-10922083.jpg\" alt=\"\" class=\"wp-image-584\" srcset=\"https:\/\/camping-lac-de-vinca.com\/wp-content\/uploads\/2023\/02\/pexels-naimor-10922083.jpg 688w, https:\/\/camping-lac-de-vinca.com\/wp-content\/uploads\/2023\/02\/pexels-naimor-10922083-274x300.jpg 274w\" sizes=\"(max-width: 688px) 100vw, 688px\" \/><\/figure>\n\n\n\n<figure class=\"wp-block-image size-full\"><img width=\"812\" height=\"533\" src=\"https:\/\/camping-lac-de-vinca.com\/wp-content\/uploads\/2023\/02\/Pechers-1.jpg\" alt=\"\" class=\"wp-image-588\" srcset=\"https:\/\/camping-lac-de-vinca.com\/wp-content\/uploads\/2023\/02\/Pechers-1.jpg 812w, https:\/\/camping-lac-de-vinca.com\/wp-content\/uploads\/2023\/02\/Pechers-1-300x197.jpg 300w, https:\/\/camping-lac-de-vinca.com\/wp-content\/uploads\/2023\/02\/Pechers-1-768x504.jpg 768w\" sizes=\"(max-width: 812px) 100vw, 812px\" \/><\/figure>\n\n\n\n<figure class=\"wp-block-image size-full\"><img width=\"428\" height=\"552\" src=\"https:\/\/camping-lac-de-vinca.com\/wp-content\/uploads\/2023\/02\/arthur-hickinbotham-dFJgwzB-ydA-unsplash.jpg\" alt=\"\" class=\"wp-image-580\" srcset=\"https:\/\/camping-lac-de-vinca.com\/wp-content\/uploads\/2023\/02\/arthur-hickinbotham-dFJgwzB-ydA-unsplash.jpg 428w, https:\/\/camping-lac-de-vinca.com\/wp-content\/uploads\/2023\/02\/arthur-hickinbotham-dFJgwzB-ydA-unsplash-233x300.jpg 233w\" sizes=\"(max-width: 428px) 100vw, 428px\" \/><\/figure>\n<\/figure>\n<\/div>\n<\/div>\n","protected":false},"excerpt":{"rendered":"<p>Camping urlaub&#8230; Gut beschattet und direkt am Wasser gelegen, bietet er Ihnen einen erholsamen oder sportlichen Urlaub mit der Familie oder mit Freunden. Im Herzen der \u00f6stlichen Pyren\u00e4en und des katalanischen Landes, zwischen Meer und Bergen, wird die Stadt Vin\u00e7a Sie mit ihrem milden Klima, ihrer Sonnenscheindauer und der Vielfalt ihrer Landschaften mit Obstg\u00e4rten, Weinbergen [&hellip;]<\/p>\n","protected":false},"author":1,"featured_media":0,"parent":0,"menu_order":0,"comment_status":"closed","ping_status":"closed","template":"","meta":[],"acf":[],"_links":{"self":[{"href":"https:\/\/camping-lac-de-vinca.com\/de\/wp-json\/wp\/v2\/pages\/1429"}],"collection":[{"href":"https:\/\/camping-lac-de-vinca.com\/de\/wp-json\/wp\/v2\/pages"}],"about":[{"href":"https:\/\/camping-lac-de-vinca.com\/de\/wp-json\/wp\/v2\/types\/page"}],"author":[{"embeddable":true,"href":"https:\/\/camping-lac-de-vinca.com\/de\/wp-json\/wp\/v2\/users\/1"}],"replies":[{"embeddable":true,"href":"https:\/\/camping-lac-de-vinca.com\/de\/wp-json\/wp\/v2\/comments?post=1429"}],"version-history":[{"count":6,"href":"https:\/\/camping-lac-de-vinca.com\/de\/wp-json\/wp\/v2\/pages\/1429\/revisions"}],"predecessor-version":[{"id":1658,"href":"https:\/\/camping-lac-de-vinca.com\/de\/wp-json\/wp\/v2\/pages\/1429\/revisions\/1658"}],"wp:attachment":[{"href":"https:\/\/camping-lac-de-vinca.com\/de\/wp-json\/wp\/v2\/media?parent=1429"}],"curies":[{"name":"wp","href":"https:\/\/api.w.org\/{rel}","templated":true}]}}