{"id":1441,"date":"2023-03-28T10:01:47","date_gmt":"2023-03-28T08:01:47","guid":{"rendered":"https:\/\/camping-lac-de-vinca.com\/aktivitaten\/"},"modified":"2023-03-30T12:11:53","modified_gmt":"2023-03-30T10:11:53","slug":"aktivitaeten","status":"publish","type":"page","link":"https:\/\/camping-lac-de-vinca.com\/de\/aktivitaeten\/","title":{"rendered":"Aktivit\u00e4ten"},"content":{"rendered":"\n<div class=\"wp-block-cover alignfull is-light deco--vague-bas\"><span aria-hidden=\"true\" class=\"has-background-dim-0 wp-block-cover__gradient-background has-background-dim\"><\/span><img width=\"1920\" height=\"1280\" class=\"wp-block-cover__image-background wp-image-1226\" alt=\"\" src=\"https:\/\/camping-lac-de-vinca.com\/wp-content\/uploads\/2023\/03\/IMG_0089.jpg\" style=\"object-position:50% 90%\" data-object-fit=\"cover\" data-object-position=\"50% 90%\" srcset=\"https:\/\/camping-lac-de-vinca.com\/wp-content\/uploads\/2023\/03\/IMG_0089.jpg 1920w, https:\/\/camping-lac-de-vinca.com\/wp-content\/uploads\/2023\/03\/IMG_0089-300x200.jpg 300w, https:\/\/camping-lac-de-vinca.com\/wp-content\/uploads\/2023\/03\/IMG_0089-1024x683.jpg 1024w, https:\/\/camping-lac-de-vinca.com\/wp-content\/uploads\/2023\/03\/IMG_0089-768x512.jpg 768w, https:\/\/camping-lac-de-vinca.com\/wp-content\/uploads\/2023\/03\/IMG_0089-1536x1024.jpg 1536w\" sizes=\"(max-width: 1920px) 100vw, 1920px\" \/><div class=\"wp-block-cover__inner-container\">\n<p class=\"has-text-align-center has-large-font-size\"><\/p>\n<\/div><\/div>\n\n\n\n<h1 id=\"des-activites-natures-et-sportives\">Natur- und Sportaktivit\u00e4ten<\/h1>\n\n\n\n<div class=\"wp-block-columns LV-05\">\n<div class=\"wp-block-column deco--montagne-1\">\n<h2 id=\"vos-vacances\">Ihr Urlaub &#8230;<\/h2>\n\n\n\n<p>Ob Wandern, Radfahren mit der Familie, Laufen oder Mountainbiken &#8211; der Campingplatz ist ideal gelegen und es gibt viele Wege in der N\u00e4he!<\/p>\n\n\n\n<div class=\"wp-block-group lire-plus-mobile\"><div class=\"wp-block-group__inner-container\">\n<p>Lesen Sie mehr<\/p>\n\n\n\n<div class=\"wp-container-69e005ec50e49 wp-block-group\"><div class=\"wp-block-group__inner-container\">\n<p>Hier werden Sie sich wohlf\u00fchlen, ganz nah an der Natur! &#8230;. Die verschiedenen Wanderrouten rund um Vin\u00e7a k\u00f6nnen Sie auf der Website des Office de Tourisme einsehen.<\/p>\n\n\n\n<div class=\"wp-container-69e005ec50b2b wp-block-buttons\">\n<div class=\"wp-block-button\"><a class=\"wp-block-button__link\" href=\"https:\/\/camping-lac-de-vinca.com\/wp-content\/uploads\/2023\/03\/Carte-velos-2023.pdf\" target=\"_blank\" rel=\"noreferrer noopener\">Entdecken Sie die Fahrradstrecken  <i class=\"fa-thin fa-external-link\"><\/i><\/a><\/div>\n<\/div>\n<\/div><\/div>\n<\/div><\/div>\n<\/div>\n\n\n\n<div class=\"wp-block-column\">\n<figure class=\"wp-block-gallery has-nested-images columns-default is-cropped diaporama-mob\">\n<figure class=\"wp-block-image size-large\"><img width=\"1024\" height=\"768\" src=\"https:\/\/camping-lac-de-vinca.com\/wp-content\/uploads\/2023\/02\/abenteuer-albanien-wSFub7VcwOc-unsplash-1024x768.jpg\" alt=\"\" class=\"wp-image-759\" srcset=\"https:\/\/camping-lac-de-vinca.com\/wp-content\/uploads\/2023\/02\/abenteuer-albanien-wSFub7VcwOc-unsplash-1024x768.jpg 1024w, https:\/\/camping-lac-de-vinca.com\/wp-content\/uploads\/2023\/02\/abenteuer-albanien-wSFub7VcwOc-unsplash-300x225.jpg 300w, https:\/\/camping-lac-de-vinca.com\/wp-content\/uploads\/2023\/02\/abenteuer-albanien-wSFub7VcwOc-unsplash-768x576.jpg 768w, https:\/\/camping-lac-de-vinca.com\/wp-content\/uploads\/2023\/02\/abenteuer-albanien-wSFub7VcwOc-unsplash-1536x1152.jpg 1536w, https:\/\/camping-lac-de-vinca.com\/wp-content\/uploads\/2023\/02\/abenteuer-albanien-wSFub7VcwOc-unsplash-2048x1536.jpg 2048w\" sizes=\"(max-width: 1024px) 100vw, 1024px\" \/><\/figure>\n\n\n\n<figure class=\"wp-block-image size-large\"><img width=\"1024\" height=\"678\" src=\"https:\/\/camping-lac-de-vinca.com\/wp-content\/uploads\/2023\/02\/kilyan-sockalingum-cxUgrQapYi4-unsplash-1024x678.jpg\" alt=\"\" class=\"wp-image-755\" srcset=\"https:\/\/camping-lac-de-vinca.com\/wp-content\/uploads\/2023\/02\/kilyan-sockalingum-cxUgrQapYi4-unsplash-1024x678.jpg 1024w, https:\/\/camping-lac-de-vinca.com\/wp-content\/uploads\/2023\/02\/kilyan-sockalingum-cxUgrQapYi4-unsplash-300x199.jpg 300w, https:\/\/camping-lac-de-vinca.com\/wp-content\/uploads\/2023\/02\/kilyan-sockalingum-cxUgrQapYi4-unsplash-768x509.jpg 768w, https:\/\/camping-lac-de-vinca.com\/wp-content\/uploads\/2023\/02\/kilyan-sockalingum-cxUgrQapYi4-unsplash-1536x1017.jpg 1536w, https:\/\/camping-lac-de-vinca.com\/wp-content\/uploads\/2023\/02\/kilyan-sockalingum-cxUgrQapYi4-unsplash-2048x1356.jpg 2048w\" sizes=\"(max-width: 1024px) 100vw, 1024px\" \/><\/figure>\n\n\n\n<figure class=\"wp-block-image size-large\"><img width=\"987\" height=\"1024\" src=\"https:\/\/camping-lac-de-vinca.com\/wp-content\/uploads\/2023\/02\/valerie-fomina-B0kFposz5JU-unsplash-987x1024.jpg\" alt=\"\" class=\"wp-image-751\" srcset=\"https:\/\/camping-lac-de-vinca.com\/wp-content\/uploads\/2023\/02\/valerie-fomina-B0kFposz5JU-unsplash-987x1024.jpg 987w, https:\/\/camping-lac-de-vinca.com\/wp-content\/uploads\/2023\/02\/valerie-fomina-B0kFposz5JU-unsplash-289x300.jpg 289w, https:\/\/camping-lac-de-vinca.com\/wp-content\/uploads\/2023\/02\/valerie-fomina-B0kFposz5JU-unsplash-768x797.jpg 768w, https:\/\/camping-lac-de-vinca.com\/wp-content\/uploads\/2023\/02\/valerie-fomina-B0kFposz5JU-unsplash-1480x1536.jpg 1480w, https:\/\/camping-lac-de-vinca.com\/wp-content\/uploads\/2023\/02\/valerie-fomina-B0kFposz5JU-unsplash-1974x2048.jpg 1974w\" sizes=\"(max-width: 987px) 100vw, 987px\" \/><\/figure>\n<\/figure>\n<\/div>\n<\/div>\n\n\n\n<div class=\"wp-block-columns alignfull LV-10 reverse-mob\">\n<div class=\"wp-block-column\">\n<figure class=\"wp-block-gallery has-nested-images columns-default is-cropped\">\n<figure class=\"wp-block-image size-large\"><img width=\"1024\" height=\"683\" src=\"https:\/\/camping-lac-de-vinca.com\/wp-content\/uploads\/2023\/02\/patrick-hendry-w5hNCbJfX3w-unsplash-1024x683.jpg\" alt=\"\" class=\"wp-image-743\" srcset=\"https:\/\/camping-lac-de-vinca.com\/wp-content\/uploads\/2023\/02\/patrick-hendry-w5hNCbJfX3w-unsplash-1024x683.jpg 1024w, https:\/\/camping-lac-de-vinca.com\/wp-content\/uploads\/2023\/02\/patrick-hendry-w5hNCbJfX3w-unsplash-300x200.jpg 300w, https:\/\/camping-lac-de-vinca.com\/wp-content\/uploads\/2023\/02\/patrick-hendry-w5hNCbJfX3w-unsplash-768x512.jpg 768w, https:\/\/camping-lac-de-vinca.com\/wp-content\/uploads\/2023\/02\/patrick-hendry-w5hNCbJfX3w-unsplash-1536x1024.jpg 1536w, https:\/\/camping-lac-de-vinca.com\/wp-content\/uploads\/2023\/02\/patrick-hendry-w5hNCbJfX3w-unsplash-2048x1365.jpg 2048w\" sizes=\"(max-width: 1024px) 100vw, 1024px\" \/><\/figure>\n\n\n\n<figure class=\"wp-block-image size-large\"><img width=\"683\" height=\"1024\" src=\"https:\/\/camping-lac-de-vinca.com\/wp-content\/uploads\/2023\/02\/sebastien-goldberg-alRj6QyRjfw-unsplash-683x1024.jpg\" alt=\"\" class=\"wp-image-747\" srcset=\"https:\/\/camping-lac-de-vinca.com\/wp-content\/uploads\/2023\/02\/sebastien-goldberg-alRj6QyRjfw-unsplash-683x1024.jpg 683w, https:\/\/camping-lac-de-vinca.com\/wp-content\/uploads\/2023\/02\/sebastien-goldberg-alRj6QyRjfw-unsplash-200x300.jpg 200w, https:\/\/camping-lac-de-vinca.com\/wp-content\/uploads\/2023\/02\/sebastien-goldberg-alRj6QyRjfw-unsplash-768x1152.jpg 768w, https:\/\/camping-lac-de-vinca.com\/wp-content\/uploads\/2023\/02\/sebastien-goldberg-alRj6QyRjfw-unsplash-1024x1536.jpg 1024w, https:\/\/camping-lac-de-vinca.com\/wp-content\/uploads\/2023\/02\/sebastien-goldberg-alRj6QyRjfw-unsplash-1365x2048.jpg 1365w, https:\/\/camping-lac-de-vinca.com\/wp-content\/uploads\/2023\/02\/sebastien-goldberg-alRj6QyRjfw-unsplash-scaled.jpg 1707w\" sizes=\"(max-width: 683px) 100vw, 683px\" \/><\/figure>\n<\/figure>\n\n\n\n<div class=\"wp-container-69e005ec512e7 wp-block-buttons\">\n<div class=\"wp-block-button is-style-outline\"><a class=\"wp-block-button__link\" href=\"https:\/\/camping-lac-de-vinca.com\/de\/der-see\/\">Entdecken Sie<\/a><\/div>\n<\/div>\n<\/div>\n\n\n\n<div class=\"wp-block-column deco--montagne-3\">\n<h3 class=\"h2\" id=\"natures\">&#8230; Naturen<\/h3>\n\n\n\n<div class=\"wp-block-group encart-alerte\"><div class=\"wp-block-group__inner-container\">\n<p><a rel=\"noreferrer noopener\" href=\"https:\/\/www.extremectp.fr\/\" target=\"_blank\">Extreme CTP<\/a> bietet den G\u00e4sten des Campingplatzes Lac de Vin\u00e7a einen Gruppentarif an, auch wenn nur eine Person anwesend ist.<\/p>\n<\/div><\/div>\n\n\n\n<p>Was auch immer deine Leidenschaft ist, wir haben Aktivit\u00e4ten f\u00fcr alle!<\/p>\n\n\n\n<ul class=\"pictos col-1 col-2-mob\"><li><i class=\"fa-thin fa-mountains\"><\/i>  Klettern<\/li><li><i class=\"fa-thin fa-backpack\"><\/i>  Wanderungen<\/li><li><i class=\"fa-thin fa-water\"><\/i>  Rafting<\/li><li><i class=\"fa-thin fa-person-biking-mountain\"><\/i>  Fahrradtouren<\/li><li><i class=\"fa-thin fa-person-sledding\"><\/i>  Canyoning<\/li><li><i class=\"fa-thin fa-horse\"><\/i>  Reiten<\/li><\/ul>\n<\/div>\n<\/div>\n\n\n\n<div class=\"wp-block-columns alignfull LV-25 LV-25-b deco--montagne-2\">\n<div class=\"wp-block-column\">\n<h3 class=\"h2\" id=\"fun\">&#8230; Spa\u00df<\/h3>\n\n\n\n<p>Nutzen Sie Ihren Aufenthalt am See von Vin\u00e7a in den \u00f6stlichen Pyren\u00e4en, um f\u00fcr Gro\u00df und Klein jede Menge Spannung und Spa\u00df zu erleben. Zahlreiche Parks, Spielpl\u00e4tze und andere Aktivit\u00e4ten in der N\u00e4he<\/p>\n\n\n\n<ul class=\"pictos col-2 col-2-mob\"><li><i class=\"fa-thin fa-water\"><\/i>  Wasserpark<\/li><li><i class=\"fa-thin fa-golf-flag-hole\"><\/i>  Disk Golf<\/li><li><i class=\"fa-thin fa-trees\"><\/i>  Accrobranche<\/li><li><i class=\"fa-thin fa-heart-pulse\"><\/i>  Abenteuerpark<\/li><li><i class=\"fa-thin fa-mountains\"><\/i>  Deval&#8217;Mountain<\/li><li><i class=\"fa-thin fa-gun\"><\/i>  Laserspiel im Freien<\/li><li><i class=\"fa-thin fa-arrow-up-to-line\"><\/i>  Zipline<\/li><li><i class=\"fa-thin fa-arrow-up-arrow-down\"><\/i>  Riesentrampolin<\/li><li><i class=\"fa-thin fa-fort\"><\/i>  Aufblasbare Spiele<\/li><\/ul>\n<\/div>\n\n\n\n<div class=\"wp-block-column\">\n<figure class=\"wp-block-gallery has-nested-images columns-default is-cropped diaporama-mob\">\n<figure class=\"wp-block-image size-large\"><img width=\"1024\" height=\"683\" src=\"https:\/\/camping-lac-de-vinca.com\/wp-content\/uploads\/2023\/02\/aquavera-KzUAW2htbiI-unsplash-1024x683.jpg\" alt=\"\" class=\"wp-image-773\" srcset=\"https:\/\/camping-lac-de-vinca.com\/wp-content\/uploads\/2023\/02\/aquavera-KzUAW2htbiI-unsplash-1024x683.jpg 1024w, https:\/\/camping-lac-de-vinca.com\/wp-content\/uploads\/2023\/02\/aquavera-KzUAW2htbiI-unsplash-300x200.jpg 300w, https:\/\/camping-lac-de-vinca.com\/wp-content\/uploads\/2023\/02\/aquavera-KzUAW2htbiI-unsplash-768x512.jpg 768w, https:\/\/camping-lac-de-vinca.com\/wp-content\/uploads\/2023\/02\/aquavera-KzUAW2htbiI-unsplash-1536x1024.jpg 1536w, https:\/\/camping-lac-de-vinca.com\/wp-content\/uploads\/2023\/02\/aquavera-KzUAW2htbiI-unsplash-2048x1365.jpg 2048w\" sizes=\"(max-width: 1024px) 100vw, 1024px\" \/><\/figure>\n\n\n\n<figure class=\"wp-block-image size-large\"><img width=\"1024\" height=\"683\" src=\"https:\/\/camping-lac-de-vinca.com\/wp-content\/uploads\/2023\/02\/courtney-cook-SsIIw_MET0E-unsplash-1024x683.jpg\" alt=\"\" class=\"wp-image-769\" srcset=\"https:\/\/camping-lac-de-vinca.com\/wp-content\/uploads\/2023\/02\/courtney-cook-SsIIw_MET0E-unsplash-1024x683.jpg 1024w, https:\/\/camping-lac-de-vinca.com\/wp-content\/uploads\/2023\/02\/courtney-cook-SsIIw_MET0E-unsplash-300x200.jpg 300w, https:\/\/camping-lac-de-vinca.com\/wp-content\/uploads\/2023\/02\/courtney-cook-SsIIw_MET0E-unsplash-768x512.jpg 768w, https:\/\/camping-lac-de-vinca.com\/wp-content\/uploads\/2023\/02\/courtney-cook-SsIIw_MET0E-unsplash-1536x1024.jpg 1536w, https:\/\/camping-lac-de-vinca.com\/wp-content\/uploads\/2023\/02\/courtney-cook-SsIIw_MET0E-unsplash-2048x1365.jpg 2048w\" sizes=\"(max-width: 1024px) 100vw, 1024px\" \/><\/figure>\n\n\n\n<figure class=\"wp-block-image size-large\"><img width=\"1024\" height=\"683\" src=\"https:\/\/camping-lac-de-vinca.com\/wp-content\/uploads\/2023\/02\/malachi-brooks-cm3si9ZMG0Y-unsplash-1024x683.jpg\" alt=\"\" class=\"wp-image-777\" srcset=\"https:\/\/camping-lac-de-vinca.com\/wp-content\/uploads\/2023\/02\/malachi-brooks-cm3si9ZMG0Y-unsplash-1024x683.jpg 1024w, https:\/\/camping-lac-de-vinca.com\/wp-content\/uploads\/2023\/02\/malachi-brooks-cm3si9ZMG0Y-unsplash-300x200.jpg 300w, https:\/\/camping-lac-de-vinca.com\/wp-content\/uploads\/2023\/02\/malachi-brooks-cm3si9ZMG0Y-unsplash-768x512.jpg 768w, https:\/\/camping-lac-de-vinca.com\/wp-content\/uploads\/2023\/02\/malachi-brooks-cm3si9ZMG0Y-unsplash-1536x1025.jpg 1536w, https:\/\/camping-lac-de-vinca.com\/wp-content\/uploads\/2023\/02\/malachi-brooks-cm3si9ZMG0Y-unsplash-2048x1367.jpg 2048w\" sizes=\"(max-width: 1024px) 100vw, 1024px\" \/><\/figure>\n<\/figure>\n<\/div>\n<\/div>\n\n\n\n<div class=\"wp-container-69e005ec51af8 wp-block-group LV-20 deco--montagne-4\"><div class=\"wp-block-group__inner-container\">\n<h3 class=\"h2\" id=\"en-soirees\">&#8230; Auf Partys<\/h3>\n\n\n\n<p>Um Ihren Aufenthalt zu genie\u00dfen und gesellige Momente zu teilen, bieten wir Ihnen an einigen Abenden pro Woche Animationen auf dem Campingplatz an<\/p>\n\n\n\n<ul class=\"pictos liste-mob\"><li><i class=\"fa-thin fa-party-horn\"><\/i>  Tanzabende<\/li><li><i class=\"fa-thin fa-microphone-stand\"><\/i>  Karaoke<\/li><li><i class=\"fa-thin fa-party-bell\"><\/i>  Themenabende<\/li><\/ul>\n\n\n\n<div class=\"wp-container-69e005ec51821 wp-block-buttons\">\n<div class=\"wp-block-button btn_resa\"><a class=\"wp-block-button__link\"><i class=\"fal fa-search\"><\/i> Buchen<\/a><\/div>\n<\/div>\n<\/div><\/div>\n","protected":false},"excerpt":{"rendered":"<p>Natur- und Sportaktivit\u00e4ten Ihr Urlaub &#8230; Ob Wandern, Radfahren mit der Familie, Laufen oder Mountainbiken &#8211; der Campingplatz ist ideal gelegen und es gibt viele Wege in der N\u00e4he! &#8230; Naturen Was auch immer deine Leidenschaft ist, wir haben Aktivit\u00e4ten f\u00fcr alle! Klettern Wanderungen Rafting Fahrradtouren Canyoning Reiten &#8230; Spa\u00df Nutzen Sie Ihren Aufenthalt am [&hellip;]<\/p>\n","protected":false},"author":1,"featured_media":0,"parent":0,"menu_order":0,"comment_status":"closed","ping_status":"closed","template":"","meta":[],"acf":[],"_links":{"self":[{"href":"https:\/\/camping-lac-de-vinca.com\/de\/wp-json\/wp\/v2\/pages\/1441"}],"collection":[{"href":"https:\/\/camping-lac-de-vinca.com\/de\/wp-json\/wp\/v2\/pages"}],"about":[{"href":"https:\/\/camping-lac-de-vinca.com\/de\/wp-json\/wp\/v2\/types\/page"}],"author":[{"embeddable":true,"href":"https:\/\/camping-lac-de-vinca.com\/de\/wp-json\/wp\/v2\/users\/1"}],"replies":[{"embeddable":true,"href":"https:\/\/camping-lac-de-vinca.com\/de\/wp-json\/wp\/v2\/comments?post=1441"}],"version-history":[{"count":4,"href":"https:\/\/camping-lac-de-vinca.com\/de\/wp-json\/wp\/v2\/pages\/1441\/revisions"}],"predecessor-version":[{"id":1722,"href":"https:\/\/camping-lac-de-vinca.com\/de\/wp-json\/wp\/v2\/pages\/1441\/revisions\/1722"}],"wp:attachment":[{"href":"https:\/\/camping-lac-de-vinca.com\/de\/wp-json\/wp\/v2\/media?parent=1441"}],"curies":[{"name":"wp","href":"https:\/\/api.w.org\/{rel}","templated":true}]}}