{"id":1475,"date":"2023-03-28T10:13:04","date_gmt":"2023-03-28T08:13:04","guid":{"rendered":"https:\/\/camping-lac-de-vinca.com\/kurist\/"},"modified":"2023-03-30T11:55:29","modified_gmt":"2023-03-30T09:55:29","slug":"kurist","status":"publish","type":"page","link":"https:\/\/camping-lac-de-vinca.com\/de\/kurist\/","title":{"rendered":"Kurist"},"content":{"rendered":"\n<div class=\"wp-block-cover alignfull is-light deco--vague-bas\"><span aria-hidden=\"true\" class=\"has-background-dim-0 wp-block-cover__gradient-background has-background-dim\"><\/span><img width=\"1920\" height=\"1280\" class=\"wp-block-cover__image-background wp-image-1293\" alt=\"\" src=\"https:\/\/camping-lac-de-vinca.com\/wp-content\/uploads\/2023\/03\/IMG_0076.jpg\" style=\"object-position:50% 60%\" data-object-fit=\"cover\" data-object-position=\"50% 60%\" srcset=\"https:\/\/camping-lac-de-vinca.com\/wp-content\/uploads\/2023\/03\/IMG_0076.jpg 1920w, https:\/\/camping-lac-de-vinca.com\/wp-content\/uploads\/2023\/03\/IMG_0076-300x200.jpg 300w, https:\/\/camping-lac-de-vinca.com\/wp-content\/uploads\/2023\/03\/IMG_0076-1024x683.jpg 1024w, https:\/\/camping-lac-de-vinca.com\/wp-content\/uploads\/2023\/03\/IMG_0076-768x512.jpg 768w, https:\/\/camping-lac-de-vinca.com\/wp-content\/uploads\/2023\/03\/IMG_0076-1536x1024.jpg 1536w\" sizes=\"(max-width: 1920px) 100vw, 1920px\" \/><div class=\"wp-block-cover__inner-container\">\n<p class=\"has-text-align-center has-large-font-size\"><\/p>\n<\/div><\/div>\n\n\n\n<div class=\"wp-block-columns LV-05\">\n<div class=\"wp-block-column deco--montagne-1\">\n<h2 id=\"vos-cures-thermales\">Ihre <strong>Thermalkuren<\/strong><\/h2>\n\n\n\n<p>Die Thermen befinden sich in einem au\u00dfergew\u00f6hnlichen Naturgebiet, den Schluchten der Castellane, inmitten eines gro\u00dfen, exotischen und \u00fcppigen Parks mit schattigen Wegen aus Palmen und Lorbeerb\u00e4umen. Sie verf\u00fcgen \u00fcber hochmoderne Einrichtungen, unter anderem: wundersch\u00f6ne Marmorkabinen, ein Thermalbecken, das in den B\u00e4umen zu sitzen scheint, und ein Becken, in dem man schwerelos in einem wei\u00dfen Schlammbad schwebt.<\/p>\n\n\n\n<div class=\"wp-container-69d05f21cc32a wp-block-buttons\">\n<div class=\"wp-block-button btn_resa\"><a class=\"wp-block-button__link\"><i class=\"fal fa-search\"><\/i> Buchen<\/a><\/div>\n<\/div>\n<\/div>\n\n\n\n<div class=\"wp-block-column\">\n<figure class=\"wp-block-gallery has-nested-images columns-default is-cropped diaporama-mob\">\n<figure class=\"wp-block-image size-full\"><img width=\"1024\" height=\"670\" src=\"https:\/\/camping-lac-de-vinca.com\/wp-content\/uploads\/2023\/02\/16109085254_0427aa3ecf_b.jpg\" alt=\"\" class=\"wp-image-824\" srcset=\"https:\/\/camping-lac-de-vinca.com\/wp-content\/uploads\/2023\/02\/16109085254_0427aa3ecf_b.jpg 1024w, https:\/\/camping-lac-de-vinca.com\/wp-content\/uploads\/2023\/02\/16109085254_0427aa3ecf_b-300x196.jpg 300w, https:\/\/camping-lac-de-vinca.com\/wp-content\/uploads\/2023\/02\/16109085254_0427aa3ecf_b-768x503.jpg 768w\" sizes=\"(max-width: 1024px) 100vw, 1024px\" \/><\/figure>\n\n\n\n<figure class=\"wp-block-image size-full\"><img width=\"1024\" height=\"753\" src=\"https:\/\/camping-lac-de-vinca.com\/wp-content\/uploads\/2023\/02\/8880102085_a4f03c57b2_b.jpg\" alt=\"\" class=\"wp-image-828\" srcset=\"https:\/\/camping-lac-de-vinca.com\/wp-content\/uploads\/2023\/02\/8880102085_a4f03c57b2_b.jpg 1024w, https:\/\/camping-lac-de-vinca.com\/wp-content\/uploads\/2023\/02\/8880102085_a4f03c57b2_b-300x221.jpg 300w, https:\/\/camping-lac-de-vinca.com\/wp-content\/uploads\/2023\/02\/8880102085_a4f03c57b2_b-768x565.jpg 768w\" sizes=\"(max-width: 1024px) 100vw, 1024px\" \/><\/figure>\n\n\n\n<figure class=\"wp-block-image size-large\"><img width=\"1024\" height=\"683\" src=\"https:\/\/camping-lac-de-vinca.com\/wp-content\/uploads\/2023\/02\/usen-parmanov-JJi82Ayk_kQ-unsplash-1024x683.jpg\" alt=\"\" class=\"wp-image-832\" srcset=\"https:\/\/camping-lac-de-vinca.com\/wp-content\/uploads\/2023\/02\/usen-parmanov-JJi82Ayk_kQ-unsplash-1024x683.jpg 1024w, https:\/\/camping-lac-de-vinca.com\/wp-content\/uploads\/2023\/02\/usen-parmanov-JJi82Ayk_kQ-unsplash-300x200.jpg 300w, https:\/\/camping-lac-de-vinca.com\/wp-content\/uploads\/2023\/02\/usen-parmanov-JJi82Ayk_kQ-unsplash-768x512.jpg 768w, https:\/\/camping-lac-de-vinca.com\/wp-content\/uploads\/2023\/02\/usen-parmanov-JJi82Ayk_kQ-unsplash-1536x1024.jpg 1536w, https:\/\/camping-lac-de-vinca.com\/wp-content\/uploads\/2023\/02\/usen-parmanov-JJi82Ayk_kQ-unsplash-2048x1365.jpg 2048w\" sizes=\"(max-width: 1024px) 100vw, 1024px\" \/><\/figure>\n<\/figure>\n<\/div>\n<\/div>\n\n\n\n<div class=\"wp-container-69d05f21cc734 wp-block-group LV-20 deco--montagne-4\"><div class=\"wp-block-group__inner-container\">\n<h3 id=\"station-thermale-de-molitg-les-bains\">Kurort Molitg-les-Bains<\/h3>\n\n\n\n<p>Planktonreiches Natriumschwefelwasser ist wirksam bei der Behandlung von Hautkrankheiten, Erkrankungen der Atemwege und Muskel- und Skelettbeschwerden.<\/p>\n\n\n\n<ul class=\"pictos\"><li><i class=\"fa-thin fa-trees\"><\/i>  Nat\u00fcrliche Orte<\/li><li><i class=\"fa-thin fa-spa\"><\/i>  B\u00e4der &amp; Wellness<\/li><li><i class=\"fa-thin fa-water-ladder\"><\/i>  Schwimmb\u00e4der &amp; Thermen<\/li><\/ul>\n<\/div><\/div>\n\n\n\n<div class=\"wp-block-columns alignfull LV-25 deco--montagne-2\">\n<div class=\"wp-block-column\">\n<h2 id=\"les-thermes-de-vernet-les-bains\">Die Thermen von Vernet-les-Bains<\/h2>\n\n\n\n<div class=\"wp-block-columns\">\n<div class=\"wp-block-column\">\n<p>Das schwefel- und natriumhaltige Wasser der Thermen von Vernet-les-Bains, das Eigentum der Einrichtung ist, erm\u00f6glicht die Behandlung von rheumatologischen Erkrankungen und Erkrankungen der Atemwege (HNO und bronchopulmonale Erkrankungen), wo fr\u00fcher Pers\u00f6nlichkeiten wie der Sohn des \u00e4gyptischen Vizek\u00f6nigs Ibrahim Pascha, der Autor des Dschungelbuchs Rudyard Kipling, Prinzessin Eugenie von Battenberg, sp\u00e4ter Charles Trenet und viele andere ihre Beschwerden lindern konnten.<\/p>\n\n\n\n<p>Neben den Thermalkuren verf\u00fcgt das Thermalbad \u00fcber das Hotel Les Sources mit direktem Zugang zu den Thermen, das aus Zimmern und Studios besteht, sowie \u00fcber einen Teil der Studios der R\u00e9sidence thermale, die Kurg\u00e4sten, \u00dcbernachtungsg\u00e4sten, Wanderern und anderen Gruppen zur Verf\u00fcgung gestellt werden.<\/p>\n<\/div>\n\n\n\n<div class=\"wp-block-column\">\n<div class=\"wp-block-group lire-plus-mobile\"><div class=\"wp-block-group__inner-container\">\n<p>Lesen Sie mehr<\/p>\n\n\n\n<div class=\"wp-container-69d05f21ccb11 wp-block-group\"><div class=\"wp-block-group__inner-container\">\n<p>Sein Wellnessbereich, der aus dem Bereich &#8222;Bains &amp; Bien-\u00eatre&#8220; und den Muskeltrainingsr\u00e4umen besteht, bietet interessante M\u00f6glichkeiten f\u00fcr Aufenthalte im Bereich &#8222;Natur und Thermalismus&#8220;, ideal f\u00fcr Liebhaber k\u00f6rperlicher Aktivit\u00e4ten in der Natur.<\/p>\n\n\n\n<p>Die Thermen von Vernet-les-Bains, die auf ihrer Kultur des famili\u00e4ren Charakters aufbauen, verf\u00fchren ihre Kurg\u00e4ste durch eine hohe Qualit\u00e4t der Betreuung, einen verf\u00fcgbaren und gastfreundlichen therapeutischen Dienst sowie eine warme und h\u00f6fliche Atmosph\u00e4re. Die Thermes de Vernet zeigen bis heute diese einzigartige Bescheidenheit, diese Authentizit\u00e4t, die sich \u00fcber die Zeiten und Generationen hinweg erhalten hat.<\/p>\n<\/div><\/div>\n<\/div><\/div>\n<\/div>\n<\/div>\n<\/div>\n\n\n\n<div class=\"wp-block-column\">\n<figure class=\"wp-block-gallery has-nested-images columns-default is-cropped diaporama-mob\">\n<figure class=\"wp-block-image size-large\"><img width=\"1024\" height=\"683\" src=\"https:\/\/camping-lac-de-vinca.com\/wp-content\/uploads\/2023\/02\/engin-akyurt-ZbzYDboN7fg-unsplash-1024x683.jpg\" alt=\"\" class=\"wp-image-812\" srcset=\"https:\/\/camping-lac-de-vinca.com\/wp-content\/uploads\/2023\/02\/engin-akyurt-ZbzYDboN7fg-unsplash-1024x683.jpg 1024w, https:\/\/camping-lac-de-vinca.com\/wp-content\/uploads\/2023\/02\/engin-akyurt-ZbzYDboN7fg-unsplash-300x200.jpg 300w, https:\/\/camping-lac-de-vinca.com\/wp-content\/uploads\/2023\/02\/engin-akyurt-ZbzYDboN7fg-unsplash-768x512.jpg 768w, https:\/\/camping-lac-de-vinca.com\/wp-content\/uploads\/2023\/02\/engin-akyurt-ZbzYDboN7fg-unsplash-1536x1024.jpg 1536w, https:\/\/camping-lac-de-vinca.com\/wp-content\/uploads\/2023\/02\/engin-akyurt-ZbzYDboN7fg-unsplash-2048x1365.jpg 2048w\" sizes=\"(max-width: 1024px) 100vw, 1024px\" \/><\/figure>\n\n\n\n<figure class=\"wp-block-image size-large\"><img width=\"1024\" height=\"683\" src=\"https:\/\/camping-lac-de-vinca.com\/wp-content\/uploads\/2023\/02\/huum-NHLS5hOSH0c-unsplash-1024x683.jpg\" alt=\"\" class=\"wp-image-816\" srcset=\"https:\/\/camping-lac-de-vinca.com\/wp-content\/uploads\/2023\/02\/huum-NHLS5hOSH0c-unsplash-1024x683.jpg 1024w, https:\/\/camping-lac-de-vinca.com\/wp-content\/uploads\/2023\/02\/huum-NHLS5hOSH0c-unsplash-300x200.jpg 300w, https:\/\/camping-lac-de-vinca.com\/wp-content\/uploads\/2023\/02\/huum-NHLS5hOSH0c-unsplash-768x512.jpg 768w, https:\/\/camping-lac-de-vinca.com\/wp-content\/uploads\/2023\/02\/huum-NHLS5hOSH0c-unsplash-1536x1024.jpg 1536w, https:\/\/camping-lac-de-vinca.com\/wp-content\/uploads\/2023\/02\/huum-NHLS5hOSH0c-unsplash-2048x1365.jpg 2048w\" sizes=\"(max-width: 1024px) 100vw, 1024px\" \/><\/figure>\n\n\n\n<figure class=\"wp-block-image size-large\"><img width=\"683\" height=\"1024\" src=\"https:\/\/camping-lac-de-vinca.com\/wp-content\/uploads\/2023\/02\/mediamodifier-W7AyAs7azHc-unsplash-2-683x1024.jpg\" alt=\"\" class=\"wp-image-808\" srcset=\"https:\/\/camping-lac-de-vinca.com\/wp-content\/uploads\/2023\/02\/mediamodifier-W7AyAs7azHc-unsplash-2-683x1024.jpg 683w, https:\/\/camping-lac-de-vinca.com\/wp-content\/uploads\/2023\/02\/mediamodifier-W7AyAs7azHc-unsplash-2-200x300.jpg 200w, https:\/\/camping-lac-de-vinca.com\/wp-content\/uploads\/2023\/02\/mediamodifier-W7AyAs7azHc-unsplash-2-768x1152.jpg 768w, https:\/\/camping-lac-de-vinca.com\/wp-content\/uploads\/2023\/02\/mediamodifier-W7AyAs7azHc-unsplash-2-1024x1536.jpg 1024w, https:\/\/camping-lac-de-vinca.com\/wp-content\/uploads\/2023\/02\/mediamodifier-W7AyAs7azHc-unsplash-2-1365x2048.jpg 1365w, https:\/\/camping-lac-de-vinca.com\/wp-content\/uploads\/2023\/02\/mediamodifier-W7AyAs7azHc-unsplash-2-scaled.jpg 1707w\" sizes=\"(max-width: 683px) 100vw, 683px\" \/><\/figure>\n<\/figure>\n<\/div>\n<\/div>\n","protected":false},"excerpt":{"rendered":"<p>Ihre Thermalkuren Die Thermen befinden sich in einem au\u00dfergew\u00f6hnlichen Naturgebiet, den Schluchten der Castellane, inmitten eines gro\u00dfen, exotischen und \u00fcppigen Parks mit schattigen Wegen aus Palmen und Lorbeerb\u00e4umen. Sie verf\u00fcgen \u00fcber hochmoderne Einrichtungen, unter anderem: wundersch\u00f6ne Marmorkabinen, ein Thermalbecken, das in den B\u00e4umen zu sitzen scheint, und ein Becken, in dem man schwerelos in einem [&hellip;]<\/p>\n","protected":false},"author":1,"featured_media":0,"parent":0,"menu_order":0,"comment_status":"closed","ping_status":"closed","template":"","meta":[],"acf":[],"_links":{"self":[{"href":"https:\/\/camping-lac-de-vinca.com\/de\/wp-json\/wp\/v2\/pages\/1475"}],"collection":[{"href":"https:\/\/camping-lac-de-vinca.com\/de\/wp-json\/wp\/v2\/pages"}],"about":[{"href":"https:\/\/camping-lac-de-vinca.com\/de\/wp-json\/wp\/v2\/types\/page"}],"author":[{"embeddable":true,"href":"https:\/\/camping-lac-de-vinca.com\/de\/wp-json\/wp\/v2\/users\/1"}],"replies":[{"embeddable":true,"href":"https:\/\/camping-lac-de-vinca.com\/de\/wp-json\/wp\/v2\/comments?post=1475"}],"version-history":[{"count":2,"href":"https:\/\/camping-lac-de-vinca.com\/de\/wp-json\/wp\/v2\/pages\/1475\/revisions"}],"predecessor-version":[{"id":1715,"href":"https:\/\/camping-lac-de-vinca.com\/de\/wp-json\/wp\/v2\/pages\/1475\/revisions\/1715"}],"wp:attachment":[{"href":"https:\/\/camping-lac-de-vinca.com\/de\/wp-json\/wp\/v2\/media?parent=1475"}],"curies":[{"name":"wp","href":"https:\/\/api.w.org\/{rel}","templated":true}]}}