{"id":1481,"date":"2023-03-28T10:16:24","date_gmt":"2023-03-28T08:16:24","guid":{"rendered":"https:\/\/camping-lac-de-vinca.com\/standorte\/"},"modified":"2023-03-30T12:05:54","modified_gmt":"2023-03-30T10:05:54","slug":"standorte","status":"publish","type":"page","link":"https:\/\/camping-lac-de-vinca.com\/de\/standorte\/","title":{"rendered":"Standorte"},"content":{"rendered":"\n<div class=\"wp-block-cover alignfull is-light deco--vague-bas\"><span aria-hidden=\"true\" class=\"has-background-dim-10 wp-block-cover__gradient-background has-background-dim\"><\/span><img width=\"1920\" height=\"1280\" class=\"wp-block-cover__image-background wp-image-1201\" alt=\"\" src=\"https:\/\/camping-lac-de-vinca.com\/wp-content\/uploads\/2023\/03\/IMG_0115.jpg\" style=\"object-position:50% 40%\" data-object-fit=\"cover\" data-object-position=\"50% 40%\" srcset=\"https:\/\/camping-lac-de-vinca.com\/wp-content\/uploads\/2023\/03\/IMG_0115.jpg 1920w, https:\/\/camping-lac-de-vinca.com\/wp-content\/uploads\/2023\/03\/IMG_0115-300x200.jpg 300w, https:\/\/camping-lac-de-vinca.com\/wp-content\/uploads\/2023\/03\/IMG_0115-1024x683.jpg 1024w, https:\/\/camping-lac-de-vinca.com\/wp-content\/uploads\/2023\/03\/IMG_0115-768x512.jpg 768w, https:\/\/camping-lac-de-vinca.com\/wp-content\/uploads\/2023\/03\/IMG_0115-1536x1024.jpg 1536w\" sizes=\"(max-width: 1920px) 100vw, 1920px\" \/><div class=\"wp-block-cover__inner-container\">\n<p class=\"has-text-align-center has-large-font-size\"><\/p>\n<\/div><\/div>\n\n\n\n<div class=\"wp-container-69dffd1317e77 wp-block-group LV-20 deco--montagne-4\"><div class=\"wp-block-group__inner-container\">\n<h1 class=\"h3\" id=\"emplacements\">Standorte<\/h1>\n\n\n\n<p>Auf \u00fcber 4 Hektar k\u00f6nnen wir Ihnen eine gro\u00dfe Auswahl an Stellpl\u00e4tzen f\u00fcr Zelte, Wohnwagen oder Wohnmobile anbieten.<\/p>\n\n\n\n<ul class=\"pictos liste-mob\"><li><i class=\"fa-thin fa-campground\"><\/i>  Zelte<\/li><li><i class=\"fa-thin fa-caravan\"><\/i>  Wohnwagen<\/li><li><i class=\"fa-thin fa-rv\"><\/i>  Wohnmobile<\/li><\/ul>\n\n\n\n<div class=\"wp-container-69dffd1317bb6 wp-block-buttons\">\n<div class=\"wp-block-button is-style-fill btn_resa\"><a class=\"wp-block-button__link\"><i class=\"fal fa-search\"><\/i> Buchen<\/a><\/div>\n<\/div>\n<\/div><\/div>\n\n\n\n<div class=\"wp-block-columns alignfull LV-25 deco--montagne-2\">\n<div class=\"wp-block-column\">\n<h2 id=\"au-bord-du-lac-de-vinca\">Am Ufer des Sees <strong>von Vin\u00e7a<\/strong><\/h2>\n\n\n\n<p>Wasserstadt, befestigte Stadt mittelalterlichen Ursprungs, Mitglied des Pays d&#8217;art et d&#8217;histoire &#8220; In einem baumbestandenen und gr\u00fcnen Dekor, auf einem ruhigen und famili\u00e4ren Gel\u00e4nde, sind unsere 114 Campingpl\u00e4tze ger\u00e4umig und gr\u00f6\u00dftenteils schattig.<br>Holzkohlegrills sind auf den Stellpl\u00e4tzen strengstens untersagt. Nur Gasgrills.<\/p>\n\n\n\n<div class=\"wp-container-69dffd13181da wp-block-buttons\">\n<div class=\"wp-block-button is-style-outline\"><a class=\"wp-block-button__link\" href=\"https:\/\/camping-lac-de-vinca.com\/wp-content\/uploads\/2023\/03\/Plan-Vinca-2023.pdf\" target=\"_blank\" rel=\"noreferrer noopener\">Siehe Plan<\/a><\/div>\n<\/div>\n\n\n\n<ul class=\"pictos liste-mob\"><li><i class=\"fa-thin fa-sun-dust\"><\/i>  Schattige Stellpl\u00e4tze<\/li><li><i class=\"fa-thin fa-trees\"><\/i>  Nat\u00fcrlicher Rahmen<\/li><li><i class=\"fa-thin fa-bolt\"><\/i>  Elektrizit\u00e4t<\/li><\/ul>\n<\/div>\n\n\n\n<div class=\"wp-block-column\">\n<figure class=\"wp-block-gallery has-nested-images columns-default is-cropped diaporama-mob\">\n<figure class=\"wp-block-image size-large\"><img width=\"1024\" height=\"683\" src=\"https:\/\/camping-lac-de-vinca.com\/wp-content\/uploads\/2023\/03\/IMG_0056-1024x683.jpg\" alt=\"\" class=\"wp-image-1205\" srcset=\"https:\/\/camping-lac-de-vinca.com\/wp-content\/uploads\/2023\/03\/IMG_0056-1024x683.jpg 1024w, https:\/\/camping-lac-de-vinca.com\/wp-content\/uploads\/2023\/03\/IMG_0056-300x200.jpg 300w, https:\/\/camping-lac-de-vinca.com\/wp-content\/uploads\/2023\/03\/IMG_0056-768x512.jpg 768w, https:\/\/camping-lac-de-vinca.com\/wp-content\/uploads\/2023\/03\/IMG_0056-1536x1024.jpg 1536w, https:\/\/camping-lac-de-vinca.com\/wp-content\/uploads\/2023\/03\/IMG_0056.jpg 1920w\" sizes=\"(max-width: 1024px) 100vw, 1024px\" \/><\/figure>\n\n\n\n<figure class=\"wp-block-image size-large\"><img width=\"1024\" height=\"683\" src=\"https:\/\/camping-lac-de-vinca.com\/wp-content\/uploads\/2023\/03\/IMG_0045-1024x683.jpg\" alt=\"\" class=\"wp-image-1209\" srcset=\"https:\/\/camping-lac-de-vinca.com\/wp-content\/uploads\/2023\/03\/IMG_0045-1024x683.jpg 1024w, https:\/\/camping-lac-de-vinca.com\/wp-content\/uploads\/2023\/03\/IMG_0045-300x200.jpg 300w, https:\/\/camping-lac-de-vinca.com\/wp-content\/uploads\/2023\/03\/IMG_0045-768x512.jpg 768w, https:\/\/camping-lac-de-vinca.com\/wp-content\/uploads\/2023\/03\/IMG_0045-1536x1024.jpg 1536w, https:\/\/camping-lac-de-vinca.com\/wp-content\/uploads\/2023\/03\/IMG_0045.jpg 1920w\" sizes=\"(max-width: 1024px) 100vw, 1024px\" \/><\/figure>\n\n\n\n<figure class=\"wp-block-image size-large\"><img width=\"1024\" height=\"683\" src=\"https:\/\/camping-lac-de-vinca.com\/wp-content\/uploads\/2023\/03\/IMG_0058-1024x683.jpg\" alt=\"\" class=\"wp-image-1213\" srcset=\"https:\/\/camping-lac-de-vinca.com\/wp-content\/uploads\/2023\/03\/IMG_0058-1024x683.jpg 1024w, https:\/\/camping-lac-de-vinca.com\/wp-content\/uploads\/2023\/03\/IMG_0058-300x200.jpg 300w, https:\/\/camping-lac-de-vinca.com\/wp-content\/uploads\/2023\/03\/IMG_0058-768x512.jpg 768w, https:\/\/camping-lac-de-vinca.com\/wp-content\/uploads\/2023\/03\/IMG_0058-1536x1024.jpg 1536w, https:\/\/camping-lac-de-vinca.com\/wp-content\/uploads\/2023\/03\/IMG_0058.jpg 1920w\" sizes=\"(max-width: 1024px) 100vw, 1024px\" \/><\/figure>\n<\/figure>\n<\/div>\n<\/div>\n","protected":false},"excerpt":{"rendered":"<p>Standorte Auf \u00fcber 4 Hektar k\u00f6nnen wir Ihnen eine gro\u00dfe Auswahl an Stellpl\u00e4tzen f\u00fcr Zelte, Wohnwagen oder Wohnmobile anbieten. Zelte Wohnwagen Wohnmobile Am Ufer des Sees von Vin\u00e7a Wasserstadt, befestigte Stadt mittelalterlichen Ursprungs, Mitglied des Pays d&#8217;art et d&#8217;histoire &#8220; In einem baumbestandenen und gr\u00fcnen Dekor, auf einem ruhigen und famili\u00e4ren Gel\u00e4nde, sind unsere 114 [&hellip;]<\/p>\n","protected":false},"author":1,"featured_media":0,"parent":0,"menu_order":0,"comment_status":"closed","ping_status":"closed","template":"","meta":[],"acf":[],"_links":{"self":[{"href":"https:\/\/camping-lac-de-vinca.com\/de\/wp-json\/wp\/v2\/pages\/1481"}],"collection":[{"href":"https:\/\/camping-lac-de-vinca.com\/de\/wp-json\/wp\/v2\/pages"}],"about":[{"href":"https:\/\/camping-lac-de-vinca.com\/de\/wp-json\/wp\/v2\/types\/page"}],"author":[{"embeddable":true,"href":"https:\/\/camping-lac-de-vinca.com\/de\/wp-json\/wp\/v2\/users\/1"}],"replies":[{"embeddable":true,"href":"https:\/\/camping-lac-de-vinca.com\/de\/wp-json\/wp\/v2\/comments?post=1481"}],"version-history":[{"count":2,"href":"https:\/\/camping-lac-de-vinca.com\/de\/wp-json\/wp\/v2\/pages\/1481\/revisions"}],"predecessor-version":[{"id":1718,"href":"https:\/\/camping-lac-de-vinca.com\/de\/wp-json\/wp\/v2\/pages\/1481\/revisions\/1718"}],"wp:attachment":[{"href":"https:\/\/camping-lac-de-vinca.com\/de\/wp-json\/wp\/v2\/media?parent=1481"}],"curies":[{"name":"wp","href":"https:\/\/api.w.org\/{rel}","templated":true}]}}