{"id":1495,"date":"2023-03-28T10:24:56","date_gmt":"2023-03-28T08:24:56","guid":{"rendered":"https:\/\/camping-lac-de-vinca.com\/der-see\/"},"modified":"2023-03-30T12:08:16","modified_gmt":"2023-03-30T10:08:16","slug":"der-see","status":"publish","type":"page","link":"https:\/\/camping-lac-de-vinca.com\/de\/der-see\/","title":{"rendered":"Der See"},"content":{"rendered":"\n<div class=\"wp-block-cover alignfull is-light deco--vague-bas\"><span aria-hidden=\"true\" class=\"has-background-dim-0 wp-block-cover__gradient-background has-background-dim\"><\/span><img width=\"1920\" height=\"1280\" class=\"wp-block-cover__image-background wp-image-1218\" alt=\"\" src=\"https:\/\/camping-lac-de-vinca.com\/wp-content\/uploads\/2023\/03\/IMG_0044.jpg\" style=\"object-position:50% 80%\" data-object-fit=\"cover\" data-object-position=\"50% 80%\" srcset=\"https:\/\/camping-lac-de-vinca.com\/wp-content\/uploads\/2023\/03\/IMG_0044.jpg 1920w, https:\/\/camping-lac-de-vinca.com\/wp-content\/uploads\/2023\/03\/IMG_0044-300x200.jpg 300w, https:\/\/camping-lac-de-vinca.com\/wp-content\/uploads\/2023\/03\/IMG_0044-1024x683.jpg 1024w, https:\/\/camping-lac-de-vinca.com\/wp-content\/uploads\/2023\/03\/IMG_0044-768x512.jpg 768w, https:\/\/camping-lac-de-vinca.com\/wp-content\/uploads\/2023\/03\/IMG_0044-1536x1024.jpg 1536w\" sizes=\"(max-width: 1920px) 100vw, 1920px\" \/><div class=\"wp-block-cover__inner-container\">\n<p class=\"has-text-align-center has-large-font-size\"><\/p>\n<\/div><\/div>\n\n\n\n<div class=\"wp-block-columns LV-05 marge--bottom-10\">\n<div class=\"wp-block-column deco--montagne-1\">\n<h1 class=\"h2\" id=\"les-activites-sur-le-lac\">Aktivit\u00e4ten auf<strong> dem See<\/strong><\/h1>\n\n\n\n<p>Zwischen Meer und Bergen, am Fu\u00dfe des Canig\u00f3, genie\u00dft der Campingplatz von Vin\u00e7a eine ideale Lage in einer au\u00dfergew\u00f6hnlichen Umgebung am Ufer des Lac des Escoumes.<\/p>\n\n\n\n<p>Ob Camper, Wohnwagen- oder Wohnmobilfahrer, am Privatstrand des Campingplatzes k\u00f6nnen Sie einen angenehmen Urlaub verbringen, w\u00e4hrend dessen Sie baden, Kanu fahren, angeln, Aquagliss (usw.) praktizieren k\u00f6nnen.<\/p>\n\n\n\n<div class=\"wp-container-69e79ccfe6d02 wp-block-buttons\">\n<div class=\"wp-block-button btn_resa\"><a class=\"wp-block-button__link\"><i class=\"fal fa-search\"><\/i> Buchen<\/a><\/div>\n<\/div>\n<\/div>\n\n\n\n<div class=\"wp-block-column\">\n<figure class=\"wp-block-gallery has-nested-images columns-default is-cropped diaporama-mob\">\n<figure class=\"wp-block-image size-large\"><img width=\"1024\" height=\"614\" src=\"https:\/\/camping-lac-de-vinca.com\/wp-content\/uploads\/2023\/02\/aquagliss-vue_aerienne-1024x614.jpg\" alt=\"\" class=\"wp-image-1025\" srcset=\"https:\/\/camping-lac-de-vinca.com\/wp-content\/uploads\/2023\/02\/aquagliss-vue_aerienne-1024x614.jpg 1024w, https:\/\/camping-lac-de-vinca.com\/wp-content\/uploads\/2023\/02\/aquagliss-vue_aerienne-300x180.jpg 300w, https:\/\/camping-lac-de-vinca.com\/wp-content\/uploads\/2023\/02\/aquagliss-vue_aerienne-768x461.jpg 768w, https:\/\/camping-lac-de-vinca.com\/wp-content\/uploads\/2023\/02\/aquagliss-vue_aerienne-1536x922.jpg 1536w, https:\/\/camping-lac-de-vinca.com\/wp-content\/uploads\/2023\/02\/aquagliss-vue_aerienne.jpg 2000w\" sizes=\"(max-width: 1024px) 100vw, 1024px\" \/><\/figure>\n\n\n\n<figure class=\"wp-block-image size-full\"><img width=\"537\" height=\"388\" src=\"https:\/\/camping-lac-de-vinca.com\/wp-content\/uploads\/2023\/02\/DSC_8084_DxO.jpg\" alt=\"\" class=\"wp-image-544\" srcset=\"https:\/\/camping-lac-de-vinca.com\/wp-content\/uploads\/2023\/02\/DSC_8084_DxO.jpg 537w, https:\/\/camping-lac-de-vinca.com\/wp-content\/uploads\/2023\/02\/DSC_8084_DxO-300x217.jpg 300w\" sizes=\"(max-width: 537px) 100vw, 537px\" \/><\/figure>\n\n\n\n<figure class=\"wp-block-image size-large\"><img width=\"1024\" height=\"683\" src=\"https:\/\/camping-lac-de-vinca.com\/wp-content\/uploads\/2023\/03\/IMG_0087-1024x683.jpg\" alt=\"\" class=\"wp-image-1230\" srcset=\"https:\/\/camping-lac-de-vinca.com\/wp-content\/uploads\/2023\/03\/IMG_0087-1024x683.jpg 1024w, https:\/\/camping-lac-de-vinca.com\/wp-content\/uploads\/2023\/03\/IMG_0087-300x200.jpg 300w, https:\/\/camping-lac-de-vinca.com\/wp-content\/uploads\/2023\/03\/IMG_0087-768x512.jpg 768w, https:\/\/camping-lac-de-vinca.com\/wp-content\/uploads\/2023\/03\/IMG_0087-1536x1024.jpg 1536w, https:\/\/camping-lac-de-vinca.com\/wp-content\/uploads\/2023\/03\/IMG_0087.jpg 1920w\" sizes=\"(max-width: 1024px) 100vw, 1024px\" \/><\/figure>\n<\/figure>\n<\/div>\n<\/div>\n\n\n\n<div class=\"wp-block-columns alignfull LV-10 reverse-mob\">\n<div class=\"wp-block-column\">\n<figure class=\"wp-block-gallery has-nested-images columns-default is-cropped\">\n<figure class=\"wp-block-image size-large\"><img width=\"1024\" height=\"683\" src=\"https:\/\/camping-lac-de-vinca.com\/wp-content\/uploads\/2023\/03\/IMG_0098-1024x683.jpg\" alt=\"\" class=\"wp-image-1222\" srcset=\"https:\/\/camping-lac-de-vinca.com\/wp-content\/uploads\/2023\/03\/IMG_0098-1024x683.jpg 1024w, https:\/\/camping-lac-de-vinca.com\/wp-content\/uploads\/2023\/03\/IMG_0098-300x200.jpg 300w, https:\/\/camping-lac-de-vinca.com\/wp-content\/uploads\/2023\/03\/IMG_0098-768x512.jpg 768w, https:\/\/camping-lac-de-vinca.com\/wp-content\/uploads\/2023\/03\/IMG_0098-1536x1024.jpg 1536w, https:\/\/camping-lac-de-vinca.com\/wp-content\/uploads\/2023\/03\/IMG_0098.jpg 1920w\" sizes=\"(max-width: 1024px) 100vw, 1024px\" \/><\/figure>\n\n\n\n<figure class=\"wp-block-image size-large\"><img width=\"1024\" height=\"683\" src=\"https:\/\/camping-lac-de-vinca.com\/wp-content\/uploads\/2023\/03\/IMG_0089-1024x683.jpg\" alt=\"\" class=\"wp-image-1226\" srcset=\"https:\/\/camping-lac-de-vinca.com\/wp-content\/uploads\/2023\/03\/IMG_0089-1024x683.jpg 1024w, https:\/\/camping-lac-de-vinca.com\/wp-content\/uploads\/2023\/03\/IMG_0089-300x200.jpg 300w, https:\/\/camping-lac-de-vinca.com\/wp-content\/uploads\/2023\/03\/IMG_0089-768x512.jpg 768w, https:\/\/camping-lac-de-vinca.com\/wp-content\/uploads\/2023\/03\/IMG_0089-1536x1024.jpg 1536w, https:\/\/camping-lac-de-vinca.com\/wp-content\/uploads\/2023\/03\/IMG_0089.jpg 1920w\" sizes=\"(max-width: 1024px) 100vw, 1024px\" \/><\/figure>\n<\/figure>\n\n\n\n<div class=\"wp-container-69e79ccfe7157 wp-block-buttons\">\n<div class=\"wp-block-button is-style-outline\"><a class=\"wp-block-button__link\" href=\"https:\/\/camping-lac-de-vinca.com\/de\/aktivitaeten\/\">Aktivit\u00e4ten ansehen<\/a><\/div>\n<\/div>\n<\/div>\n\n\n\n<div class=\"wp-block-column deco--montagne-3\">\n<h2 id=\"le-lac-de-vinca\">Der See von <strong>Vin\u00e7a<\/strong><\/h2>\n\n\n\n<div class=\"wp-block-group encart-alerte\"><div class=\"wp-block-group__inner-container\">\n<p>Aquaglisse ist ein Partner des Campingplatzes, Sie erhalten einen Vorzugspreis!<\/p>\n<\/div><\/div>\n\n\n\n<p>Das Baden im See ist von Juli bis August beaufsichtigt.<\/p>\n\n\n\n<ul class=\"pictos col-1\"><li><i class=\"fa-thin fa-person-sledding\"><\/i>  Aquaglisse<\/li><li><i class=\"fa-thin fa-umbrella-beach\"><\/i>  Privatstrand<\/li><li><i class=\"fa-thin fa-fishing-rod\"><\/i>  Angeln<\/li><li><i class=\"fa-thin fa-water\"><\/i>  Kanu, Tretboot und Paddelboot<\/li><li><i class=\"fa-thin fa-water-ladder\"><\/i>  Wassergymnastik<\/li><li><i class=\"fa-thin fa-person-swimming\"><\/i>  Baden<\/li><\/ul>\n<\/div>\n<\/div>\n","protected":false},"excerpt":{"rendered":"<p>Aktivit\u00e4ten auf dem See Zwischen Meer und Bergen, am Fu\u00dfe des Canig\u00f3, genie\u00dft der Campingplatz von Vin\u00e7a eine ideale Lage in einer au\u00dfergew\u00f6hnlichen Umgebung am Ufer des Lac des Escoumes. Ob Camper, Wohnwagen- oder Wohnmobilfahrer, am Privatstrand des Campingplatzes k\u00f6nnen Sie einen angenehmen Urlaub verbringen, w\u00e4hrend dessen Sie baden, Kanu fahren, angeln, Aquagliss (usw.) praktizieren [&hellip;]<\/p>\n","protected":false},"author":1,"featured_media":0,"parent":0,"menu_order":0,"comment_status":"closed","ping_status":"closed","template":"","meta":[],"acf":[],"_links":{"self":[{"href":"https:\/\/camping-lac-de-vinca.com\/de\/wp-json\/wp\/v2\/pages\/1495"}],"collection":[{"href":"https:\/\/camping-lac-de-vinca.com\/de\/wp-json\/wp\/v2\/pages"}],"about":[{"href":"https:\/\/camping-lac-de-vinca.com\/de\/wp-json\/wp\/v2\/types\/page"}],"author":[{"embeddable":true,"href":"https:\/\/camping-lac-de-vinca.com\/de\/wp-json\/wp\/v2\/users\/1"}],"replies":[{"embeddable":true,"href":"https:\/\/camping-lac-de-vinca.com\/de\/wp-json\/wp\/v2\/comments?post=1495"}],"version-history":[{"count":2,"href":"https:\/\/camping-lac-de-vinca.com\/de\/wp-json\/wp\/v2\/pages\/1495\/revisions"}],"predecessor-version":[{"id":1720,"href":"https:\/\/camping-lac-de-vinca.com\/de\/wp-json\/wp\/v2\/pages\/1495\/revisions\/1720"}],"wp:attachment":[{"href":"https:\/\/camping-lac-de-vinca.com\/de\/wp-json\/wp\/v2\/media?parent=1495"}],"curies":[{"name":"wp","href":"https:\/\/api.w.org\/{rel}","templated":true}]}}