{"id":1507,"date":"2023-03-28T10:36:08","date_gmt":"2023-03-28T08:36:08","guid":{"rendered":"https:\/\/camping-lac-de-vinca.com\/mobilheime\/"},"modified":"2023-03-30T12:02:35","modified_gmt":"2023-03-30T10:02:35","slug":"mobilheime","status":"publish","type":"page","link":"https:\/\/camping-lac-de-vinca.com\/de\/mobilheime\/","title":{"rendered":"Mobilheime"},"content":{"rendered":"\n<div class=\"wp-block-cover alignfull deco--vague-bas\"><span aria-hidden=\"true\" class=\"has-background-dim-0 wp-block-cover__gradient-background has-background-dim\"><\/span><img width=\"1920\" height=\"1280\" class=\"wp-block-cover__image-background wp-image-1176\" alt=\"\" src=\"https:\/\/camping-lac-de-vinca.com\/wp-content\/uploads\/2023\/03\/IMG_0040.jpg\" style=\"object-position:50% 60%\" data-object-fit=\"cover\" data-object-position=\"50% 60%\" srcset=\"https:\/\/camping-lac-de-vinca.com\/wp-content\/uploads\/2023\/03\/IMG_0040.jpg 1920w, https:\/\/camping-lac-de-vinca.com\/wp-content\/uploads\/2023\/03\/IMG_0040-300x200.jpg 300w, https:\/\/camping-lac-de-vinca.com\/wp-content\/uploads\/2023\/03\/IMG_0040-1024x683.jpg 1024w, https:\/\/camping-lac-de-vinca.com\/wp-content\/uploads\/2023\/03\/IMG_0040-768x512.jpg 768w, https:\/\/camping-lac-de-vinca.com\/wp-content\/uploads\/2023\/03\/IMG_0040-1536x1024.jpg 1536w\" sizes=\"(max-width: 1920px) 100vw, 1920px\" \/><div class=\"wp-block-cover__inner-container\">\n<p class=\"has-text-align-center has-large-font-size\"><\/p>\n<\/div><\/div>\n\n\n\n<div class=\"wp-block-columns LV-05 LV-05-b\">\n<div class=\"wp-block-column deco--montagne-1\">\n<h1 id=\"mobil-homes\">Mobilheime<\/h1>\n\n\n\n<p>Le Trappeur ist eine in der Franche Comt\u00e9 hergestellte Lodge. Sie entspricht einem Konzept, das wir nach und nach umsetzen werden. Auf halbe Pf\u00e4hle (60 cm hoch) gest\u00fctzt, bietet es einen gro\u00dfen Raum von 24 m\u00b2 f\u00fcr den Wohnbereich + 9,60 m\u00b2 f\u00fcr die Terrasse.<\/p>\n\n\n\n<p>Es besteht aus zwei Schlafzimmern (ein Doppelbett und zwei Etagenbetten), einem Wohnzimmer, einem Zwischengeschoss, das als Schlaf- oder Lagerraum dienen kann, einem Badezimmer mit WC. Es bietet problemlos Platz f\u00fcr 5 Personen mit bestem Komfort f\u00fcr einen noch naturn\u00e4heren Aufenthalt, und das alles zu einem kleinen Preis.<\/p>\n\n\n\n<div class=\"wp-container-69e795bde4bc5 wp-block-buttons\">\n<div class=\"wp-block-button is-style-fill btn_resa\"><a class=\"wp-block-button__link\"><i class=\"fal fa-search\"><\/i> Buchen<\/a><\/div>\n<\/div>\n<\/div>\n\n\n\n<div class=\"wp-block-column\">\n<figure class=\"wp-block-gallery has-nested-images columns-default is-cropped diaporama-mob\">\n<figure class=\"wp-block-image size-large\"><img width=\"1024\" height=\"683\" src=\"https:\/\/camping-lac-de-vinca.com\/wp-content\/uploads\/2023\/03\/IMG_0041-1024x683.jpg\" alt=\"\" class=\"wp-image-1180\" srcset=\"https:\/\/camping-lac-de-vinca.com\/wp-content\/uploads\/2023\/03\/IMG_0041-1024x683.jpg 1024w, https:\/\/camping-lac-de-vinca.com\/wp-content\/uploads\/2023\/03\/IMG_0041-300x200.jpg 300w, https:\/\/camping-lac-de-vinca.com\/wp-content\/uploads\/2023\/03\/IMG_0041-768x512.jpg 768w, https:\/\/camping-lac-de-vinca.com\/wp-content\/uploads\/2023\/03\/IMG_0041-1536x1024.jpg 1536w, https:\/\/camping-lac-de-vinca.com\/wp-content\/uploads\/2023\/03\/IMG_0041.jpg 1920w\" sizes=\"(max-width: 1024px) 100vw, 1024px\" \/><\/figure>\n\n\n\n<figure class=\"wp-block-image size-large\"><img width=\"1024\" height=\"683\" src=\"https:\/\/camping-lac-de-vinca.com\/wp-content\/uploads\/2023\/03\/IMG_0064-1024x683.jpg\" alt=\"\" class=\"wp-image-1188\" srcset=\"https:\/\/camping-lac-de-vinca.com\/wp-content\/uploads\/2023\/03\/IMG_0064-1024x683.jpg 1024w, https:\/\/camping-lac-de-vinca.com\/wp-content\/uploads\/2023\/03\/IMG_0064-300x200.jpg 300w, https:\/\/camping-lac-de-vinca.com\/wp-content\/uploads\/2023\/03\/IMG_0064-768x512.jpg 768w, https:\/\/camping-lac-de-vinca.com\/wp-content\/uploads\/2023\/03\/IMG_0064-1536x1024.jpg 1536w, https:\/\/camping-lac-de-vinca.com\/wp-content\/uploads\/2023\/03\/IMG_0064.jpg 1920w\" sizes=\"(max-width: 1024px) 100vw, 1024px\" \/><\/figure>\n\n\n\n<figure class=\"wp-block-image size-large\"><img width=\"1024\" height=\"683\" src=\"https:\/\/camping-lac-de-vinca.com\/wp-content\/uploads\/2023\/03\/IMG_0062-1024x683.jpg\" alt=\"\" class=\"wp-image-1184\" srcset=\"https:\/\/camping-lac-de-vinca.com\/wp-content\/uploads\/2023\/03\/IMG_0062-1024x683.jpg 1024w, https:\/\/camping-lac-de-vinca.com\/wp-content\/uploads\/2023\/03\/IMG_0062-300x200.jpg 300w, https:\/\/camping-lac-de-vinca.com\/wp-content\/uploads\/2023\/03\/IMG_0062-768x512.jpg 768w, https:\/\/camping-lac-de-vinca.com\/wp-content\/uploads\/2023\/03\/IMG_0062-1536x1024.jpg 1536w, https:\/\/camping-lac-de-vinca.com\/wp-content\/uploads\/2023\/03\/IMG_0062.jpg 1920w\" sizes=\"(max-width: 1024px) 100vw, 1024px\" \/><\/figure>\n<\/figure>\n<\/div>\n<\/div>\n\n\n\n<div class=\"wp-block-columns alignfull LV-10 reverse-mob\">\n<div class=\"wp-block-column\">\n<figure class=\"wp-block-gallery has-nested-images columns-default is-cropped\">\n<figure class=\"wp-block-image size-large\"><img width=\"1024\" height=\"683\" src=\"https:\/\/camping-lac-de-vinca.com\/wp-content\/uploads\/2023\/03\/IMG_0051-1024x683.jpg\" alt=\"\" class=\"wp-image-1192\"\/><\/figure>\n\n\n\n<figure class=\"wp-block-image size-large\"><img width=\"683\" height=\"1024\" src=\"https:\/\/camping-lac-de-vinca.com\/wp-content\/uploads\/2023\/03\/IMG_0050-683x1024.jpg\" alt=\"\" class=\"wp-image-1196\" srcset=\"https:\/\/camping-lac-de-vinca.com\/wp-content\/uploads\/2023\/03\/IMG_0050-683x1024.jpg 683w, https:\/\/camping-lac-de-vinca.com\/wp-content\/uploads\/2023\/03\/IMG_0050-200x300.jpg 200w, https:\/\/camping-lac-de-vinca.com\/wp-content\/uploads\/2023\/03\/IMG_0050.jpg 720w\" sizes=\"(max-width: 683px) 100vw, 683px\" \/><\/figure>\n<\/figure>\n\n\n\n<div class=\"wp-container-69e795bde5043 wp-block-buttons\">\n<div class=\"wp-block-button is-style-outline\"><a class=\"wp-block-button__link\" href=\"https:\/\/camping-lac-de-vinca.com\/wp-content\/uploads\/2023\/03\/Plan-Vinca-2023.pdf\" target=\"_blank\" rel=\"noreferrer noopener\">Siehe Plan<\/a><\/div>\n<\/div>\n<\/div>\n\n\n\n<div class=\"wp-block-column deco--montagne-3\">\n<h2 id=\"locations-de-lodges\">Vermietung von <strong>Lodges&#8230;<\/strong><\/h2>\n\n\n\n<p>Vermietung von Mobilheimen mit 2 oder 3 Schlafzimmern f\u00fcr 2 bis 5 Personen.<br>F\u00fcr maximalen Komfort sind unsere Mobilheime ausgestattet:<\/p>\n\n\n\n<ul class=\"pictos col-1\"><li><i class=\"fa-thin fa-microwave\"><\/i>  Kochplatte und Mikrowelle<\/li><li><i class=\"fa-thin fa-refrigerator\"><\/i>  K\u00fchlschrank und Gefrierschrank<\/li><li><i class=\"fa-thin fa-mug-hot\"><\/i>  Kaffeemaschine<\/li><li><i class=\"fa-thin fa-plate-utensils\"><\/i>  Geschirr- und Utensilienset<\/li><li><i class=\"fa-thin fa-shower\"><\/i>  Dusche, Waschbecken und separates WC<\/li><li><i class=\"fa-thin fa-umbrella-beach\"><\/i>  Terrasse mit Gartenm\u00f6beln und Sonnenschirm<\/li><\/ul>\n<\/div>\n<\/div>\n","protected":false},"excerpt":{"rendered":"<p>Mobilheime Le Trappeur ist eine in der Franche Comt\u00e9 hergestellte Lodge. Sie entspricht einem Konzept, das wir nach und nach umsetzen werden. Auf halbe Pf\u00e4hle (60 cm hoch) gest\u00fctzt, bietet es einen gro\u00dfen Raum von 24 m\u00b2 f\u00fcr den Wohnbereich + 9,60 m\u00b2 f\u00fcr die Terrasse. Es besteht aus zwei Schlafzimmern (ein Doppelbett und zwei [&hellip;]<\/p>\n","protected":false},"author":1,"featured_media":0,"parent":0,"menu_order":0,"comment_status":"closed","ping_status":"closed","template":"","meta":[],"acf":[],"_links":{"self":[{"href":"https:\/\/camping-lac-de-vinca.com\/de\/wp-json\/wp\/v2\/pages\/1507"}],"collection":[{"href":"https:\/\/camping-lac-de-vinca.com\/de\/wp-json\/wp\/v2\/pages"}],"about":[{"href":"https:\/\/camping-lac-de-vinca.com\/de\/wp-json\/wp\/v2\/types\/page"}],"author":[{"embeddable":true,"href":"https:\/\/camping-lac-de-vinca.com\/de\/wp-json\/wp\/v2\/users\/1"}],"replies":[{"embeddable":true,"href":"https:\/\/camping-lac-de-vinca.com\/de\/wp-json\/wp\/v2\/comments?post=1507"}],"version-history":[{"count":2,"href":"https:\/\/camping-lac-de-vinca.com\/de\/wp-json\/wp\/v2\/pages\/1507\/revisions"}],"predecessor-version":[{"id":1716,"href":"https:\/\/camping-lac-de-vinca.com\/de\/wp-json\/wp\/v2\/pages\/1507\/revisions\/1716"}],"wp:attachment":[{"href":"https:\/\/camping-lac-de-vinca.com\/de\/wp-json\/wp\/v2\/media?parent=1507"}],"curies":[{"name":"wp","href":"https:\/\/api.w.org\/{rel}","templated":true}]}}